{"id":15848,"date":"2019-10-28T09:44:58","date_gmt":"2019-10-28T09:44:58","guid":{"rendered":"https:\/\/www.grafimedics.be\/aeds\/heartstart-fr3\/"},"modified":"2021-06-04T09:45:48","modified_gmt":"2021-06-04T09:45:48","slug":"heartstart-fr3","status":"publish","type":"page","link":"https:\/\/www.grafimedics.be\/fr\/dea\/heartstart-fr3\/","title":{"rendered":"HeartStart FR3"},"content":{"rendered":"<div class=\"wpb-content-wrapper\"><p>[vc_row][vc_column width=&#8221;2\/3&#8243;][vc_column_text]<span lang=\"FR\">HeartStart FR3 DEA avec des fonctions avanc\u00e9es pour l\u2019utilisateur professionnel. Vous aide \u00e0 s\u00e9lectionner plus rapidement le traitement ad\u00e9quat.<\/span><\/p>\n<p><span style=\"font-weight: 400;\">Facile \u00e0 utiliser pour r\u00e9agir rapidement.<\/span><\/p>\n<h4>Caract\u00e9ristiques<\/h4>\n<ul>\n<li>Fonctionnalit\u00e9 de \u00ab\u00a0choc rapide\u00a0\u00bb ; choc rapide avec perte de temps minimale<\/li>\n<li>Forme d\u2019onde biphasique SMART ; efficacit\u00e9 cliniquement prouv\u00e9e<\/li>\n<li>HeartStart FR3 est tr\u00e8s compact et l\u00e9ger (1,6 kg).<\/li>\n<li>Robuste\u00a0; IP 55 !<\/li>\n<li>\u00c9lectrodes SMART III &#8211; pr\u00eates \u00e0 l\u2019emploi pour adulte\/enfant<\/li>\n<li>Affichage couleur avec indications textuelles et\/ou ECG<\/li>\n<li>Auto-On en cas d\u2019utilisation avec une mallette sp\u00e9ciale (en option)<\/li>\n<li>Guidage parl\u00e9 ; HeartStart FR3 \u00ab\u00a0sait\u00a0\u00bb o\u00f9 vous \u00eates et s\u2019adapte.<\/li>\n<li>Possibilit\u00e9 d\u2019annulation pour d\u00e9fibrillation manuelle<\/li>\n<li>Gr\u00e2ce \u00e0 la batterie d\u2019entra\u00eenement et aux \u00e9lectrodes d\u2019entra\u00eenement, le FR3 peut \u00eatre rapidement converti en un dispositif d\u2019entra\u00eenement complet.<\/li>\n<\/ul>\n<p>[\/vc_column_text][vc_btn title=&#8221;Contactez-nous&#8221; style=&#8221;custom&#8221; custom_background=&#8221;#1378b6&#8243; custom_text=&#8221;#ffffff&#8221; size=&#8221;sm&#8221; link=&#8221;url:https%3A%2F%2Fwww.grafimedics.be%2Ffr%2Fcontact%2F|title:Contact&#8221;][vc_column_text]<\/p>\n<p style=\"text-align: justify;\"><strong>Un d\u00e9fibrillateur externe automatis\u00e9 (DEA)<\/strong> est un appareil qui surveille le c\u0153ur d\u2019une personne et d\u00e9livre un choc \u00e9lectrique si le c\u0153ur cesse de battre normalement.<\/p>\n<div><span lang=\"FR\">Si une personne s\u2019effondre soudainement, elle peut avoir \u00e9t\u00e9 victime d\u2019un arr\u00eat cardiaque aigu. L\u2019arr\u00eat cardiaque aigu est tr\u00e8s grave. Cela signifie que le c\u0153ur de la personne ne pompe plus le sang et qu\u2019elle a besoin d\u2019aide rapidement.<\/span><\/div>\n<p>La partie la plus importante du traitement de l\u2019arr\u00eat cardiaque aigu est l\u2019administration d\u2019un choc rapide au c\u0153ur, appel\u00e9 d\u00e9fibrillation. Gr\u00e2ce \u00e0 un d\u00e9fibrillateur externe automatis\u00e9 (DEA), tout le monde peut rapidement proc\u00e9der \u00e0 une d\u00e9fibrillation.<\/p>\n<p style=\"text-align: justify;\">Bien que nous recommandions \u00e0 chacun de recevoir une formation \u00e0 la RCP et \u00e0 l\u2019utilisation d\u2019un DEA, les DEA sont con\u00e7us pour vous guider tout au long du processus, m\u00eame si vous n\u2019avez pas re\u00e7u de formation. L\u2019appareil d\u00e9termine si un choc est n\u00e9cessaire et, si tel est le cas, une voix calme et claire explique exactement ce qu\u2019il faut faire. Les instructions sont activement ajust\u00e9es pour vous maintenir sur la bonne voie. Des capteurs intelligents \u00e9valuent la situation et appliquent automatiquement le bon choc au bon moment, pr\u00e9cis\u00e9ment adapt\u00e9 \u00e0 l\u2019homme, la femme ou l\u2019enfant en question.<\/p>\n<p><a href=\"https:\/\/www.grafimedics.be\/fr\/dea\/\">Voir notre gamme de DEA<\/a>[\/vc_column_text][\/vc_column][vc_column width=&#8221;1\/3&#8243;][vc_single_image image=&#8221;15329&#8243; img_size=&#8221;full&#8221;][\/vc_column][\/vc_row]<\/p>\n<\/div>","protected":false},"excerpt":{"rendered":"<p>[vc_row][vc_column width=&#8221;2\/3&#8243;][vc_column_text]HeartStart FR3 DEA avec des fonctions avanc\u00e9es pour l\u2019utilisateur professionnel. Vous aide \u00e0 s\u00e9lectionner plus rapidement le traitement ad\u00e9quat. Facile \u00e0 utiliser pour r\u00e9agir rapidement. Caract\u00e9ristiques Fonctionnalit\u00e9 de \u00ab\u00a0choc [&hellip;]<\/p>\n","protected":false},"author":7,"featured_media":0,"parent":15843,"menu_order":0,"comment_status":"closed","ping_status":"closed","template":"","meta":{"footnotes":""},"class_list":["post-15848","page","type-page","status-publish","hentry"],"yoast_head":"<!-- This site is optimized with the Yoast SEO plugin v27.4 - https:\/\/yoast.com\/product\/yoast-seo-wordpress\/ -->\n<title>HeartStart FR3 - GrafiMedics<\/title>\n<meta name=\"robots\" content=\"index, follow, max-snippet:-1, max-image-preview:large, max-video-preview:-1\" \/>\n<link rel=\"canonical\" href=\"https:\/\/www.grafimedics.be\/fr\/dea\/heartstart-fr3\/\" \/>\n<meta property=\"og:locale\" content=\"fr_FR\" \/>\n<meta property=\"og:type\" content=\"article\" \/>\n<meta property=\"og:title\" content=\"HeartStart FR3 - GrafiMedics\" \/>\n<meta property=\"og:description\" content=\"[vc_row][vc_column width=&#8221;2\/3&#8243;][vc_column_text]HeartStart FR3 DEA avec des fonctions avanc\u00e9es pour l\u2019utilisateur professionnel. Vous aide \u00e0 s\u00e9lectionner plus rapidement le traitement ad\u00e9quat. Facile \u00e0 utiliser pour r\u00e9agir rapidement. Caract\u00e9ristiques Fonctionnalit\u00e9 de \u00ab\u00a0choc [&hellip;]\" \/>\n<meta property=\"og:url\" content=\"https:\/\/www.grafimedics.be\/fr\/dea\/heartstart-fr3\/\" \/>\n<meta property=\"og:site_name\" content=\"GrafiMedics\" \/>\n<meta property=\"article:modified_time\" content=\"2021-06-04T09:45:48+00:00\" \/>\n<meta name=\"twitter:card\" content=\"summary_large_image\" \/>\n<meta name=\"twitter:label1\" content=\"Dur\u00e9e de lecture estim\u00e9e\" \/>\n\t<meta name=\"twitter:data1\" content=\"2 minutes\" \/>\n<script type=\"application\/ld+json\" class=\"yoast-schema-graph\">{\"@context\":\"https:\\\/\\\/schema.org\",\"@graph\":[{\"@type\":\"WebPage\",\"@id\":\"https:\\\/\\\/www.grafimedics.be\\\/fr\\\/dea\\\/heartstart-fr3\\\/\",\"url\":\"https:\\\/\\\/www.grafimedics.be\\\/fr\\\/dea\\\/heartstart-fr3\\\/\",\"name\":\"HeartStart FR3 - GrafiMedics\",\"isPartOf\":{\"@id\":\"https:\\\/\\\/www.grafimedics.be\\\/#website\"},\"datePublished\":\"2019-10-28T09:44:58+00:00\",\"dateModified\":\"2021-06-04T09:45:48+00:00\",\"breadcrumb\":{\"@id\":\"https:\\\/\\\/www.grafimedics.be\\\/fr\\\/dea\\\/heartstart-fr3\\\/#breadcrumb\"},\"inLanguage\":\"fr-FR\",\"potentialAction\":[{\"@type\":\"ReadAction\",\"target\":[\"https:\\\/\\\/www.grafimedics.be\\\/fr\\\/dea\\\/heartstart-fr3\\\/\"]}]},{\"@type\":\"BreadcrumbList\",\"@id\":\"https:\\\/\\\/www.grafimedics.be\\\/fr\\\/dea\\\/heartstart-fr3\\\/#breadcrumb\",\"itemListElement\":[{\"@type\":\"ListItem\",\"position\":1,\"name\":\"Home\",\"item\":\"https:\\\/\\\/www.grafimedics.be\\\/fr\\\/\"},{\"@type\":\"ListItem\",\"position\":2,\"name\":\"DEA\",\"item\":\"https:\\\/\\\/www.grafimedics.be\\\/fr\\\/dea\\\/\"},{\"@type\":\"ListItem\",\"position\":3,\"name\":\"HeartStart FR3\"}]},{\"@type\":\"WebSite\",\"@id\":\"https:\\\/\\\/www.grafimedics.be\\\/#website\",\"url\":\"https:\\\/\\\/www.grafimedics.be\\\/\",\"name\":\"GrafiMedics\",\"description\":\"Healthcare Innovators\",\"potentialAction\":[{\"@type\":\"SearchAction\",\"target\":{\"@type\":\"EntryPoint\",\"urlTemplate\":\"https:\\\/\\\/www.grafimedics.be\\\/?s={search_term_string}\"},\"query-input\":{\"@type\":\"PropertyValueSpecification\",\"valueRequired\":true,\"valueName\":\"search_term_string\"}}],\"inLanguage\":\"fr-FR\"}]}<\/script>\n<!-- \/ Yoast SEO plugin. -->","yoast_head_json":{"title":"HeartStart FR3 - GrafiMedics","robots":{"index":"index","follow":"follow","max-snippet":"max-snippet:-1","max-image-preview":"max-image-preview:large","max-video-preview":"max-video-preview:-1"},"canonical":"https:\/\/www.grafimedics.be\/fr\/dea\/heartstart-fr3\/","og_locale":"fr_FR","og_type":"article","og_title":"HeartStart FR3 - GrafiMedics","og_description":"[vc_row][vc_column width=&#8221;2\/3&#8243;][vc_column_text]HeartStart FR3 DEA avec des fonctions avanc\u00e9es pour l\u2019utilisateur professionnel. Vous aide \u00e0 s\u00e9lectionner plus rapidement le traitement ad\u00e9quat. Facile \u00e0 utiliser pour r\u00e9agir rapidement. Caract\u00e9ristiques Fonctionnalit\u00e9 de \u00ab\u00a0choc [&hellip;]","og_url":"https:\/\/www.grafimedics.be\/fr\/dea\/heartstart-fr3\/","og_site_name":"GrafiMedics","article_modified_time":"2021-06-04T09:45:48+00:00","twitter_card":"summary_large_image","twitter_misc":{"Dur\u00e9e de lecture estim\u00e9e":"2 minutes"},"schema":{"@context":"https:\/\/schema.org","@graph":[{"@type":"WebPage","@id":"https:\/\/www.grafimedics.be\/fr\/dea\/heartstart-fr3\/","url":"https:\/\/www.grafimedics.be\/fr\/dea\/heartstart-fr3\/","name":"HeartStart FR3 - GrafiMedics","isPartOf":{"@id":"https:\/\/www.grafimedics.be\/#website"},"datePublished":"2019-10-28T09:44:58+00:00","dateModified":"2021-06-04T09:45:48+00:00","breadcrumb":{"@id":"https:\/\/www.grafimedics.be\/fr\/dea\/heartstart-fr3\/#breadcrumb"},"inLanguage":"fr-FR","potentialAction":[{"@type":"ReadAction","target":["https:\/\/www.grafimedics.be\/fr\/dea\/heartstart-fr3\/"]}]},{"@type":"BreadcrumbList","@id":"https:\/\/www.grafimedics.be\/fr\/dea\/heartstart-fr3\/#breadcrumb","itemListElement":[{"@type":"ListItem","position":1,"name":"Home","item":"https:\/\/www.grafimedics.be\/fr\/"},{"@type":"ListItem","position":2,"name":"DEA","item":"https:\/\/www.grafimedics.be\/fr\/dea\/"},{"@type":"ListItem","position":3,"name":"HeartStart FR3"}]},{"@type":"WebSite","@id":"https:\/\/www.grafimedics.be\/#website","url":"https:\/\/www.grafimedics.be\/","name":"GrafiMedics","description":"Healthcare Innovators","potentialAction":[{"@type":"SearchAction","target":{"@type":"EntryPoint","urlTemplate":"https:\/\/www.grafimedics.be\/?s={search_term_string}"},"query-input":{"@type":"PropertyValueSpecification","valueRequired":true,"valueName":"search_term_string"}}],"inLanguage":"fr-FR"}]}},"jetpack_sharing_enabled":true,"_links":{"self":[{"href":"https:\/\/www.grafimedics.be\/fr\/wp-json\/wp\/v2\/pages\/15848","targetHints":{"allow":["GET"]}}],"collection":[{"href":"https:\/\/www.grafimedics.be\/fr\/wp-json\/wp\/v2\/pages"}],"about":[{"href":"https:\/\/www.grafimedics.be\/fr\/wp-json\/wp\/v2\/types\/page"}],"author":[{"embeddable":true,"href":"https:\/\/www.grafimedics.be\/fr\/wp-json\/wp\/v2\/users\/7"}],"replies":[{"embeddable":true,"href":"https:\/\/www.grafimedics.be\/fr\/wp-json\/wp\/v2\/comments?post=15848"}],"version-history":[{"count":5,"href":"https:\/\/www.grafimedics.be\/fr\/wp-json\/wp\/v2\/pages\/15848\/revisions"}],"predecessor-version":[{"id":16929,"href":"https:\/\/www.grafimedics.be\/fr\/wp-json\/wp\/v2\/pages\/15848\/revisions\/16929"}],"up":[{"embeddable":true,"href":"https:\/\/www.grafimedics.be\/fr\/wp-json\/wp\/v2\/pages\/15843"}],"wp:attachment":[{"href":"https:\/\/www.grafimedics.be\/fr\/wp-json\/wp\/v2\/media?parent=15848"}],"curies":[{"name":"wp","href":"https:\/\/api.w.org\/{rel}","templated":true}]}}